{"id":642,"date":"2015-04-07T17:01:42","date_gmt":"2015-04-07T15:01:42","guid":{"rendered":"http:\/\/east-end.de\/eastend\/?page_id=642"},"modified":"2026-01-27T11:22:18","modified_gmt":"2026-01-27T10:22:18","slug":"agency","status":"publish","type":"page","link":"https:\/\/www.east-end.de\/en\/agency\/","title":{"rendered":"AGENCY"},"content":{"rendered":"<p>EAST END ist der Spezialist f\u00fcr Markenerlebnisse, die reale Kommunikationsanl\u00e4sse bieten und deshalb weit \u00fcber den Moment hinaus wirken. Mit mehr als f\u00fcnfzehn Jahren Erfahrung bieten wir Ihnen als international agierende Agentur ganzheitliche strategische Beratung, innovative und zielgerichtete Konzeption und die Realisierung Ihrer Events auf h\u00f6chstem Niveau \u2013 von der operativen Umsetzung bis zur Erfolgskontrolle, vor Ihrer Haust\u00fcr oder weltweit. Wir z\u00e4hlen zu den 15 umsatzst\u00e4rksten Eventagenturen und nach einer aktuellen Umfrage des Wirtschaftsmagazins brand eins zu den Top-3-Agenturen f\u00fcr Event- und Live-Kommunikation in Deutschland. EAST END besch\u00e4ftigt an seinen drei Standorten &#8211; Hamburg, Berlin und M\u00fcnchen &#8211; rund 40 Mitarbeiter.<\/p>\n","protected":false},"excerpt":{"rendered":"<p>EAST END ist der Spezialist f\u00fcr Markenerlebnisse, die reale Kommunikationsanl\u00e4sse bieten und deshalb weit \u00fcber den Moment hinaus wirken. Mit mehr als f\u00fcnfzehn Jahren Erfahrung bieten wir Ihnen als international agierende Agentur ganzheitliche strategische Beratung, innovative und zielgerichtete Konzeption und die Realisierung Ihrer Events auf h\u00f6chstem Niveau \u2013 von der operativen Umsetzung bis zur Erfolgskontrolle, [&hellip;]<\/p>\n","protected":false},"author":1,"featured_media":0,"parent":0,"menu_order":0,"comment_status":"closed","ping_status":"closed","template":"page-agency.php","meta":{"_acf_changed":false,"footnotes":""},"class_list":["post-642","page","type-page","status-publish","hentry"],"acf":[],"yoast_head":"<!-- This site is optimized with the Yoast SEO plugin v26.9 - https:\/\/yoast.com\/product\/yoast-seo-wordpress\/ -->\n<title>Top 3 Agency for Live Communication | EAST END<\/title>\n<meta name=\"description\" content=\"TOP 3 Agency for brand experience in Germany - 25 years of experience - 35 employees - 2 locations -&gt; 100 events per year - Get to know us now!\" \/>\n<meta name=\"robots\" content=\"index, follow, max-snippet:-1, max-image-preview:large, max-video-preview:-1\" \/>\n<link rel=\"canonical\" href=\"https:\/\/www.east-end.de\/en\/agency\/\" \/>\n<meta property=\"og:locale\" content=\"en_US\" \/>\n<meta property=\"og:type\" content=\"article\" \/>\n<meta property=\"og:title\" content=\"Top 3 Agency for Live Communication | EAST END\" \/>\n<meta property=\"og:description\" content=\"TOP 3 Agency for brand experience in Germany - 25 years of experience - 35 employees - 2 locations -&gt; 100 events per year - Get to know us now!\" \/>\n<meta property=\"og:url\" content=\"https:\/\/www.east-end.de\/en\/agency\/\" \/>\n<meta property=\"og:site_name\" content=\"EAST END\" \/>\n<meta property=\"article:modified_time\" content=\"2026-01-27T10:22:18+00:00\" \/>\n<meta name=\"twitter:label1\" content=\"Est. reading time\" \/>\n\t<meta name=\"twitter:data1\" content=\"7 minutes\" \/>\n<script type=\"application\/ld+json\" class=\"yoast-schema-graph\">{\"@context\":\"https:\/\/schema.org\",\"@graph\":[{\"@type\":\"WebPage\",\"@id\":\"https:\/\/www.east-end.de\/en\/agency\/\",\"url\":\"https:\/\/www.east-end.de\/en\/agency\/\",\"name\":\"Top 3 Agency for Live Communication | EAST END\",\"isPartOf\":{\"@id\":\"https:\/\/www.east-end.de\/en\/#website\"},\"datePublished\":\"2015-04-07T15:01:42+00:00\",\"dateModified\":\"2026-01-27T10:22:18+00:00\",\"description\":\"TOP 3 Agency for brand experience in Germany - 25 years of experience - 35 employees - 2 locations -> 100 events per year - Get to know us now!\",\"breadcrumb\":{\"@id\":\"https:\/\/www.east-end.de\/en\/agency\/#breadcrumb\"},\"inLanguage\":\"en-US\",\"potentialAction\":[{\"@type\":\"ReadAction\",\"target\":[\"https:\/\/www.east-end.de\/en\/agency\/\"]}]},{\"@type\":\"BreadcrumbList\",\"@id\":\"https:\/\/www.east-end.de\/en\/agency\/#breadcrumb\",\"itemListElement\":[{\"@type\":\"ListItem\",\"position\":1,\"name\":\"Home\",\"item\":\"https:\/\/www.east-end.de\/en\/\"},{\"@type\":\"ListItem\",\"position\":2,\"name\":\"AGENCY\"}]},{\"@type\":\"WebSite\",\"@id\":\"https:\/\/www.east-end.de\/en\/#website\",\"url\":\"https:\/\/www.east-end.de\/en\/\",\"name\":\"EAST END\",\"description\":\"\",\"potentialAction\":[{\"@type\":\"SearchAction\",\"target\":{\"@type\":\"EntryPoint\",\"urlTemplate\":\"https:\/\/www.east-end.de\/en\/?s={search_term_string}\"},\"query-input\":{\"@type\":\"PropertyValueSpecification\",\"valueRequired\":true,\"valueName\":\"search_term_string\"}}],\"inLanguage\":\"en-US\"}]}<\/script>\n<!-- \/ Yoast SEO plugin. -->","yoast_head_json":{"title":"Top 3 Agency for Live Communication | EAST END","description":"TOP 3 Agency for brand experience in Germany - 25 years of experience - 35 employees - 2 locations -> 100 events per year - Get to know us now!","robots":{"index":"index","follow":"follow","max-snippet":"max-snippet:-1","max-image-preview":"max-image-preview:large","max-video-preview":"max-video-preview:-1"},"canonical":"https:\/\/www.east-end.de\/en\/agency\/","og_locale":"en_US","og_type":"article","og_title":"Top 3 Agency for Live Communication | EAST END","og_description":"TOP 3 Agency for brand experience in Germany - 25 years of experience - 35 employees - 2 locations -> 100 events per year - Get to know us now!","og_url":"https:\/\/www.east-end.de\/en\/agency\/","og_site_name":"EAST END","article_modified_time":"2026-01-27T10:22:18+00:00","twitter_misc":{"Est. reading time":"7 minutes"},"schema":{"@context":"https:\/\/schema.org","@graph":[{"@type":"WebPage","@id":"https:\/\/www.east-end.de\/en\/agency\/","url":"https:\/\/www.east-end.de\/en\/agency\/","name":"Top 3 Agency for Live Communication | EAST END","isPartOf":{"@id":"https:\/\/www.east-end.de\/en\/#website"},"datePublished":"2015-04-07T15:01:42+00:00","dateModified":"2026-01-27T10:22:18+00:00","description":"TOP 3 Agency for brand experience in Germany - 25 years of experience - 35 employees - 2 locations -> 100 events per year - Get to know us now!","breadcrumb":{"@id":"https:\/\/www.east-end.de\/en\/agency\/#breadcrumb"},"inLanguage":"en-US","potentialAction":[{"@type":"ReadAction","target":["https:\/\/www.east-end.de\/en\/agency\/"]}]},{"@type":"BreadcrumbList","@id":"https:\/\/www.east-end.de\/en\/agency\/#breadcrumb","itemListElement":[{"@type":"ListItem","position":1,"name":"Home","item":"https:\/\/www.east-end.de\/en\/"},{"@type":"ListItem","position":2,"name":"AGENCY"}]},{"@type":"WebSite","@id":"https:\/\/www.east-end.de\/en\/#website","url":"https:\/\/www.east-end.de\/en\/","name":"EAST END","description":"","potentialAction":[{"@type":"SearchAction","target":{"@type":"EntryPoint","urlTemplate":"https:\/\/www.east-end.de\/en\/?s={search_term_string}"},"query-input":{"@type":"PropertyValueSpecification","valueRequired":true,"valueName":"search_term_string"}}],"inLanguage":"en-US"}]}},"_links":{"self":[{"href":"https:\/\/www.east-end.de\/en\/wp-json\/wp\/v2\/pages\/642","targetHints":{"allow":["GET"]}}],"collection":[{"href":"https:\/\/www.east-end.de\/en\/wp-json\/wp\/v2\/pages"}],"about":[{"href":"https:\/\/www.east-end.de\/en\/wp-json\/wp\/v2\/types\/page"}],"author":[{"embeddable":true,"href":"https:\/\/www.east-end.de\/en\/wp-json\/wp\/v2\/users\/1"}],"replies":[{"embeddable":true,"href":"https:\/\/www.east-end.de\/en\/wp-json\/wp\/v2\/comments?post=642"}],"version-history":[{"count":105,"href":"https:\/\/www.east-end.de\/en\/wp-json\/wp\/v2\/pages\/642\/revisions"}],"predecessor-version":[{"id":37870,"href":"https:\/\/www.east-end.de\/en\/wp-json\/wp\/v2\/pages\/642\/revisions\/37870"}],"wp:attachment":[{"href":"https:\/\/www.east-end.de\/en\/wp-json\/wp\/v2\/media?parent=642"}],"curies":[{"name":"wp","href":"https:\/\/api.w.org\/{rel}","templated":true}]}}